{"id":9,"date":"2015-07-28T10:31:39","date_gmt":"2015-07-28T10:31:39","guid":{"rendered":"https:\/\/192.168.0.111\/tab\/?page_id=9"},"modified":"2015-09-25T12:26:33","modified_gmt":"2015-09-25T10:26:33","slug":"enstehung","status":"publish","type":"page","link":"http:\/\/taborsky-nitsch.at\/?page_id=9","title":{"rendered":"Geschichte"},"content":{"rendered":"<h1 style=\"text-align: center;\">Geschichte<img loading=\"lazy\" class=\" size-full wp-image-79 alignleft\" src=\"http:\/\/taborsky-nitsch.at\/wp-content\/uploads\/2015\/09\/home.png\" alt=\"home\" width=\"150\" height=\"220\" \/><img loading=\"lazy\" class=\" size-full wp-image-78 alignright\" src=\"http:\/\/taborsky-nitsch.at\/wp-content\/uploads\/2015\/09\/co.png\" alt=\"co\" width=\"180\" height=\"220\" \/><\/h1>\n<table>\n<tbody>\n<tr>\n<td>Die Firma Computer Lohnverrechnungs- und Buchf\u00fchrungsgesmbH. wurde am 24.12.1965 von Herrn Wirtschaftstreuh\u00e4nder Dkfm. Karl Nitsch, beeideter Buchpr\u00fcfer und Steuerberater, und seiner Gattin Frieda gegr\u00fcndet.<br \/>\nUrspr\u00fcnglich hatte diese Firma die Aufgabe anderen Steuerberatern bei der Erstellung von Buchhaltungen und Lohnverrechnungen automatisationsunterst\u00fctzt im eigenen Rechenzentrum zu helfen.<br \/>\nDurch die Einf\u00fchrung von Inhouse-L\u00f6sungen und dem Preisverfall bei PC`s seit Ende der Achtzigerjahre des vorigen Jahrhunderts, wurde der\u00a0T\u00e4tigkeitsschwerpunkt auf die Erstellung von Buchhaltungen und Lohnverrechnungen f\u00fcr ausschlie\u00dflich eigene Klienten, verlagert.<\/p>\n<p style=\"text-align: left;\" align=\"left\">Seit J\u00e4nner 1983 ist die Tochter der Gr\u00fcnder, Frau Yvonne Taborsky-Nitsch, Steuerberater, ebenfalls als Gesch\u00e4ftsf\u00fchrerin in dieser Firma t\u00e4tig.<br \/>\nSie kann in ihrer, als Einzelfirma gef\u00fchrten, gleichnamigen Kanzlei auf \u00fcber 30 Jahre Berufserfahrung blicken.<br \/>\nDie Kanzlei hat seit Generationen langj\u00e4hrige, zufriedene Kunden, denen kompetente, laufend geschulte Mitarbeiter zur Seite stehen.<\/p>\n<p style=\"text-align: center;\">Als Team stehen wir Ihnen gerne zur Verf\u00fcgung, frei nach unserem Motto:<\/p>\n<h3 style=\"text-align: center;\">Wir lassen Sie nicht in der b\u00fcrokratischen Flut ertrinken!<\/h3>\n<\/td>\n<\/tr>\n<\/tbody>\n<\/table>\n","protected":false},"excerpt":{"rendered":"<p>Geschichte Die Firma Computer Lohnverrechnungs- und Buchf\u00fchrungsgesmbH. wurde am 24.12.1965 von Herrn Wirtschaftstreuh\u00e4nder Dkfm. Karl Nitsch, beeideter Buchpr\u00fcfer und Steuerberater, und seiner Gattin Frieda gegr\u00fcndet. Urspr\u00fcnglich hatte diese Firma die Aufgabe anderen Steuerberatern bei der Erstellung von Buchhaltungen und Lohnverrechnungen automatisationsunterst\u00fctzt im eigenen Rechenzentrum zu helfen. Durch die Einf\u00fchrung von Inhouse-L\u00f6sungen und dem Preisverfall bei <a class=\"more-link\" href=\"http:\/\/taborsky-nitsch.at\/?page_id=9\">Weiterlesen&#8230;<\/a><\/p>\n","protected":false},"author":1,"featured_media":0,"parent":0,"menu_order":0,"comment_status":"closed","ping_status":"closed","template":"","meta":[],"yoast_head":"<!-- This site is optimized with the Yoast SEO plugin v19.13 - https:\/\/yoast.com\/wordpress\/plugins\/seo\/ -->\n<title>Geschichte - www.taborsky-nitsch.at<\/title>\n<meta name=\"robots\" content=\"index, follow, max-snippet:-1, max-image-preview:large, max-video-preview:-1\" \/>\n<link rel=\"canonical\" href=\"http:\/\/taborsky-nitsch.at\/?page_id=9\" \/>\n<meta property=\"og:locale\" content=\"de_DE\" \/>\n<meta property=\"og:type\" content=\"article\" \/>\n<meta property=\"og:title\" content=\"Geschichte - www.taborsky-nitsch.at\" \/>\n<meta property=\"og:description\" content=\"Geschichte Die Firma Computer Lohnverrechnungs- und Buchf\u00fchrungsgesmbH. wurde am 24.12.1965 von Herrn Wirtschaftstreuh\u00e4nder Dkfm. Karl Nitsch, beeideter Buchpr\u00fcfer und Steuerberater, und seiner Gattin Frieda gegr\u00fcndet. Urspr\u00fcnglich hatte diese Firma die Aufgabe anderen Steuerberatern bei der Erstellung von Buchhaltungen und Lohnverrechnungen automatisationsunterst\u00fctzt im eigenen Rechenzentrum zu helfen. Durch die Einf\u00fchrung von Inhouse-L\u00f6sungen und dem Preisverfall bei Weiterlesen...\" \/>\n<meta property=\"og:url\" content=\"http:\/\/taborsky-nitsch.at\/?page_id=9\" \/>\n<meta property=\"og:site_name\" content=\"www.taborsky-nitsch.at\" \/>\n<meta property=\"article:modified_time\" content=\"2015-09-25T10:26:33+00:00\" \/>\n<meta property=\"og:image\" content=\"http:\/\/taborsky-nitsch.at\/wp-content\/uploads\/2015\/09\/home.png\" \/>\n<meta name=\"twitter:card\" content=\"summary_large_image\" \/>\n<meta name=\"twitter:label1\" content=\"Gesch\u00e4tzte Lesezeit\" \/>\n\t<meta name=\"twitter:data1\" content=\"1\u00a0Minute\" \/>\n<script type=\"application\/ld+json\" class=\"yoast-schema-graph\">{\"@context\":\"https:\/\/schema.org\",\"@graph\":[{\"@type\":\"WebPage\",\"@id\":\"http:\/\/taborsky-nitsch.at\/?page_id=9\",\"url\":\"http:\/\/taborsky-nitsch.at\/?page_id=9\",\"name\":\"Geschichte - www.taborsky-nitsch.at\",\"isPartOf\":{\"@id\":\"http:\/\/taborsky-nitsch.at\/#website\"},\"datePublished\":\"2015-07-28T10:31:39+00:00\",\"dateModified\":\"2015-09-25T10:26:33+00:00\",\"breadcrumb\":{\"@id\":\"http:\/\/taborsky-nitsch.at\/?page_id=9#breadcrumb\"},\"inLanguage\":\"de\",\"potentialAction\":[{\"@type\":\"ReadAction\",\"target\":[\"http:\/\/taborsky-nitsch.at\/?page_id=9\"]}]},{\"@type\":\"BreadcrumbList\",\"@id\":\"http:\/\/taborsky-nitsch.at\/?page_id=9#breadcrumb\",\"itemListElement\":[{\"@type\":\"ListItem\",\"position\":1,\"name\":\"Home\",\"item\":\"http:\/\/taborsky-nitsch.at\/\"},{\"@type\":\"ListItem\",\"position\":2,\"name\":\"Geschichte\"}]},{\"@type\":\"WebSite\",\"@id\":\"http:\/\/taborsky-nitsch.at\/#website\",\"url\":\"http:\/\/taborsky-nitsch.at\/\",\"name\":\"www.taborsky-nitsch.at\",\"description\":\"\",\"publisher\":{\"@id\":\"http:\/\/taborsky-nitsch.at\/#organization\"},\"potentialAction\":[{\"@type\":\"SearchAction\",\"target\":{\"@type\":\"EntryPoint\",\"urlTemplate\":\"http:\/\/taborsky-nitsch.at\/?s={search_term_string}\"},\"query-input\":\"required name=search_term_string\"}],\"inLanguage\":\"de\"},{\"@type\":\"Organization\",\"@id\":\"http:\/\/taborsky-nitsch.at\/#organization\",\"name\":\"Yvonne Taborsky-Nitsch\",\"url\":\"http:\/\/taborsky-nitsch.at\/\",\"logo\":{\"@type\":\"ImageObject\",\"inLanguage\":\"de\",\"@id\":\"http:\/\/taborsky-nitsch.at\/#\/schema\/logo\/image\/\",\"url\":\"http:\/\/taborsky-nitsch.at\/wp-content\/uploads\/2015\/09\/home.png\",\"contentUrl\":\"http:\/\/taborsky-nitsch.at\/wp-content\/uploads\/2015\/09\/home.png\",\"width\":150,\"height\":220,\"caption\":\"Yvonne Taborsky-Nitsch\"},\"image\":{\"@id\":\"http:\/\/taborsky-nitsch.at\/#\/schema\/logo\/image\/\"}}]}<\/script>\n<!-- \/ Yoast SEO plugin. -->","yoast_head_json":{"title":"Geschichte - www.taborsky-nitsch.at","robots":{"index":"index","follow":"follow","max-snippet":"max-snippet:-1","max-image-preview":"max-image-preview:large","max-video-preview":"max-video-preview:-1"},"canonical":"http:\/\/taborsky-nitsch.at\/?page_id=9","og_locale":"de_DE","og_type":"article","og_title":"Geschichte - www.taborsky-nitsch.at","og_description":"Geschichte Die Firma Computer Lohnverrechnungs- und Buchf\u00fchrungsgesmbH. wurde am 24.12.1965 von Herrn Wirtschaftstreuh\u00e4nder Dkfm. Karl Nitsch, beeideter Buchpr\u00fcfer und Steuerberater, und seiner Gattin Frieda gegr\u00fcndet. Urspr\u00fcnglich hatte diese Firma die Aufgabe anderen Steuerberatern bei der Erstellung von Buchhaltungen und Lohnverrechnungen automatisationsunterst\u00fctzt im eigenen Rechenzentrum zu helfen. Durch die Einf\u00fchrung von Inhouse-L\u00f6sungen und dem Preisverfall bei Weiterlesen...","og_url":"http:\/\/taborsky-nitsch.at\/?page_id=9","og_site_name":"www.taborsky-nitsch.at","article_modified_time":"2015-09-25T10:26:33+00:00","og_image":[{"url":"http:\/\/taborsky-nitsch.at\/wp-content\/uploads\/2015\/09\/home.png"}],"twitter_card":"summary_large_image","twitter_misc":{"Gesch\u00e4tzte Lesezeit":"1\u00a0Minute"},"schema":{"@context":"https:\/\/schema.org","@graph":[{"@type":"WebPage","@id":"http:\/\/taborsky-nitsch.at\/?page_id=9","url":"http:\/\/taborsky-nitsch.at\/?page_id=9","name":"Geschichte - www.taborsky-nitsch.at","isPartOf":{"@id":"http:\/\/taborsky-nitsch.at\/#website"},"datePublished":"2015-07-28T10:31:39+00:00","dateModified":"2015-09-25T10:26:33+00:00","breadcrumb":{"@id":"http:\/\/taborsky-nitsch.at\/?page_id=9#breadcrumb"},"inLanguage":"de","potentialAction":[{"@type":"ReadAction","target":["http:\/\/taborsky-nitsch.at\/?page_id=9"]}]},{"@type":"BreadcrumbList","@id":"http:\/\/taborsky-nitsch.at\/?page_id=9#breadcrumb","itemListElement":[{"@type":"ListItem","position":1,"name":"Home","item":"http:\/\/taborsky-nitsch.at\/"},{"@type":"ListItem","position":2,"name":"Geschichte"}]},{"@type":"WebSite","@id":"http:\/\/taborsky-nitsch.at\/#website","url":"http:\/\/taborsky-nitsch.at\/","name":"www.taborsky-nitsch.at","description":"","publisher":{"@id":"http:\/\/taborsky-nitsch.at\/#organization"},"potentialAction":[{"@type":"SearchAction","target":{"@type":"EntryPoint","urlTemplate":"http:\/\/taborsky-nitsch.at\/?s={search_term_string}"},"query-input":"required name=search_term_string"}],"inLanguage":"de"},{"@type":"Organization","@id":"http:\/\/taborsky-nitsch.at\/#organization","name":"Yvonne Taborsky-Nitsch","url":"http:\/\/taborsky-nitsch.at\/","logo":{"@type":"ImageObject","inLanguage":"de","@id":"http:\/\/taborsky-nitsch.at\/#\/schema\/logo\/image\/","url":"http:\/\/taborsky-nitsch.at\/wp-content\/uploads\/2015\/09\/home.png","contentUrl":"http:\/\/taborsky-nitsch.at\/wp-content\/uploads\/2015\/09\/home.png","width":150,"height":220,"caption":"Yvonne Taborsky-Nitsch"},"image":{"@id":"http:\/\/taborsky-nitsch.at\/#\/schema\/logo\/image\/"}}]}},"_links":{"self":[{"href":"http:\/\/taborsky-nitsch.at\/index.php?rest_route=\/wp\/v2\/pages\/9"}],"collection":[{"href":"http:\/\/taborsky-nitsch.at\/index.php?rest_route=\/wp\/v2\/pages"}],"about":[{"href":"http:\/\/taborsky-nitsch.at\/index.php?rest_route=\/wp\/v2\/types\/page"}],"author":[{"embeddable":true,"href":"http:\/\/taborsky-nitsch.at\/index.php?rest_route=\/wp\/v2\/users\/1"}],"replies":[{"embeddable":true,"href":"http:\/\/taborsky-nitsch.at\/index.php?rest_route=%2Fwp%2Fv2%2Fcomments&post=9"}],"version-history":[{"count":4,"href":"http:\/\/taborsky-nitsch.at\/index.php?rest_route=\/wp\/v2\/pages\/9\/revisions"}],"predecessor-version":[{"id":298,"href":"http:\/\/taborsky-nitsch.at\/index.php?rest_route=\/wp\/v2\/pages\/9\/revisions\/298"}],"wp:attachment":[{"href":"http:\/\/taborsky-nitsch.at\/index.php?rest_route=%2Fwp%2Fv2%2Fmedia&parent=9"}],"curies":[{"name":"wp","href":"https:\/\/api.w.org\/{rel}","templated":true}]}}