{"id":13,"date":"2015-07-28T10:32:05","date_gmt":"2015-07-28T10:32:05","guid":{"rendered":"https:\/\/192.168.0.111\/tab\/?page_id=13"},"modified":"2015-07-28T10:32:05","modified_gmt":"2015-07-28T10:32:05","slug":"service","status":"publish","type":"page","link":"http:\/\/taborsky-nitsch.at\/?page_id=13","title":{"rendered":"Service"},"content":{"rendered":"<h5 class=\"legal\">::Bundesministerien::<\/h5>\n<p><a href=\"http:\/\/www.bmf.gv.at\/\" target=\"_blank\">BM f\u00fcr Finanzen <\/a><br \/>\n<a href=\"http:\/\/www.bmsg.gv.at\/\" target=\"_blank\">BM f\u00fcr soziale Sicherheit und Generationen<\/a><br \/>\n<a href=\"http:\/\/www.gesundheit.bmsg.gv.at\/\" target=\"_blank\">BM f\u00fcr Gesundheit und Frauen<\/a><br \/>\n<a href=\"http:\/\/www.ris.bka.gv.at\/\" target=\"_blank\">Informationsangebote des Bundeskanzleramtes<\/a><\/p>\n<h5 class=\"legal\">::Krankenkassen::<\/h5>\n<p><a href=\"http:\/\/www.sozialversicherung.at\/\" target=\"_blank\">\u00d6sterreichische Sozialversicherung<\/a><br \/>\n<a href=\"http:\/\/www.wgkk.at\/\" target=\"_blank\">Wiener Gebietskrankenkasse<\/a><br \/>\n<a href=\"http:\/\/www.noegkk.at\/\" target=\"_blank\">N\u00d6 Gebietskrankenkasse<\/a><br \/>\n<a href=\"http:\/\/www.sva.or.at\/\" target=\"_blank\">SVA der gewerblichen Wirtschaft<\/a><br \/>\n<a href=\"http:\/\/www.pensionsversicherung.at\/\" target=\"_blank\">Pensionsversicherungsanstalt <\/a><\/p>\n","protected":false},"excerpt":{"rendered":"<p>::Bundesministerien:: BM f\u00fcr Finanzen BM f\u00fcr soziale Sicherheit und Generationen BM f\u00fcr Gesundheit und Frauen Informationsangebote des Bundeskanzleramtes ::Krankenkassen:: \u00d6sterreichische Sozialversicherung Wiener Gebietskrankenkasse N\u00d6 Gebietskrankenkasse SVA der gewerblichen Wirtschaft Pensionsversicherungsanstalt<\/p>\n","protected":false},"author":1,"featured_media":0,"parent":0,"menu_order":0,"comment_status":"closed","ping_status":"closed","template":"","meta":[],"yoast_head":"<!-- This site is optimized with the Yoast SEO plugin v19.13 - https:\/\/yoast.com\/wordpress\/plugins\/seo\/ -->\n<title>Service - www.taborsky-nitsch.at<\/title>\n<meta name=\"robots\" content=\"index, follow, max-snippet:-1, max-image-preview:large, max-video-preview:-1\" \/>\n<link rel=\"canonical\" href=\"http:\/\/taborsky-nitsch.at\/?page_id=13\" \/>\n<meta property=\"og:locale\" content=\"de_DE\" \/>\n<meta property=\"og:type\" content=\"article\" \/>\n<meta property=\"og:title\" content=\"Service - www.taborsky-nitsch.at\" \/>\n<meta property=\"og:description\" content=\"::Bundesministerien:: BM f\u00fcr Finanzen BM f\u00fcr soziale Sicherheit und Generationen BM f\u00fcr Gesundheit und Frauen Informationsangebote des Bundeskanzleramtes ::Krankenkassen:: \u00d6sterreichische Sozialversicherung Wiener Gebietskrankenkasse N\u00d6 Gebietskrankenkasse SVA der gewerblichen Wirtschaft Pensionsversicherungsanstalt\" \/>\n<meta property=\"og:url\" content=\"http:\/\/taborsky-nitsch.at\/?page_id=13\" \/>\n<meta property=\"og:site_name\" content=\"www.taborsky-nitsch.at\" \/>\n<meta name=\"twitter:card\" content=\"summary_large_image\" \/>\n<script type=\"application\/ld+json\" class=\"yoast-schema-graph\">{\"@context\":\"https:\/\/schema.org\",\"@graph\":[{\"@type\":\"WebPage\",\"@id\":\"http:\/\/taborsky-nitsch.at\/?page_id=13\",\"url\":\"http:\/\/taborsky-nitsch.at\/?page_id=13\",\"name\":\"Service - www.taborsky-nitsch.at\",\"isPartOf\":{\"@id\":\"http:\/\/taborsky-nitsch.at\/#website\"},\"datePublished\":\"2015-07-28T10:32:05+00:00\",\"dateModified\":\"2015-07-28T10:32:05+00:00\",\"breadcrumb\":{\"@id\":\"http:\/\/taborsky-nitsch.at\/?page_id=13#breadcrumb\"},\"inLanguage\":\"de\",\"potentialAction\":[{\"@type\":\"ReadAction\",\"target\":[\"http:\/\/taborsky-nitsch.at\/?page_id=13\"]}]},{\"@type\":\"BreadcrumbList\",\"@id\":\"http:\/\/taborsky-nitsch.at\/?page_id=13#breadcrumb\",\"itemListElement\":[{\"@type\":\"ListItem\",\"position\":1,\"name\":\"Home\",\"item\":\"http:\/\/taborsky-nitsch.at\/\"},{\"@type\":\"ListItem\",\"position\":2,\"name\":\"Service\"}]},{\"@type\":\"WebSite\",\"@id\":\"http:\/\/taborsky-nitsch.at\/#website\",\"url\":\"http:\/\/taborsky-nitsch.at\/\",\"name\":\"www.taborsky-nitsch.at\",\"description\":\"\",\"publisher\":{\"@id\":\"http:\/\/taborsky-nitsch.at\/#organization\"},\"potentialAction\":[{\"@type\":\"SearchAction\",\"target\":{\"@type\":\"EntryPoint\",\"urlTemplate\":\"http:\/\/taborsky-nitsch.at\/?s={search_term_string}\"},\"query-input\":\"required name=search_term_string\"}],\"inLanguage\":\"de\"},{\"@type\":\"Organization\",\"@id\":\"http:\/\/taborsky-nitsch.at\/#organization\",\"name\":\"Yvonne Taborsky-Nitsch\",\"url\":\"http:\/\/taborsky-nitsch.at\/\",\"logo\":{\"@type\":\"ImageObject\",\"inLanguage\":\"de\",\"@id\":\"http:\/\/taborsky-nitsch.at\/#\/schema\/logo\/image\/\",\"url\":\"http:\/\/taborsky-nitsch.at\/wp-content\/uploads\/2015\/09\/home.png\",\"contentUrl\":\"http:\/\/taborsky-nitsch.at\/wp-content\/uploads\/2015\/09\/home.png\",\"width\":150,\"height\":220,\"caption\":\"Yvonne Taborsky-Nitsch\"},\"image\":{\"@id\":\"http:\/\/taborsky-nitsch.at\/#\/schema\/logo\/image\/\"}}]}<\/script>\n<!-- \/ Yoast SEO plugin. -->","yoast_head_json":{"title":"Service - www.taborsky-nitsch.at","robots":{"index":"index","follow":"follow","max-snippet":"max-snippet:-1","max-image-preview":"max-image-preview:large","max-video-preview":"max-video-preview:-1"},"canonical":"http:\/\/taborsky-nitsch.at\/?page_id=13","og_locale":"de_DE","og_type":"article","og_title":"Service - www.taborsky-nitsch.at","og_description":"::Bundesministerien:: BM f\u00fcr Finanzen BM f\u00fcr soziale Sicherheit und Generationen BM f\u00fcr Gesundheit und Frauen Informationsangebote des Bundeskanzleramtes ::Krankenkassen:: \u00d6sterreichische Sozialversicherung Wiener Gebietskrankenkasse N\u00d6 Gebietskrankenkasse SVA der gewerblichen Wirtschaft Pensionsversicherungsanstalt","og_url":"http:\/\/taborsky-nitsch.at\/?page_id=13","og_site_name":"www.taborsky-nitsch.at","twitter_card":"summary_large_image","schema":{"@context":"https:\/\/schema.org","@graph":[{"@type":"WebPage","@id":"http:\/\/taborsky-nitsch.at\/?page_id=13","url":"http:\/\/taborsky-nitsch.at\/?page_id=13","name":"Service - www.taborsky-nitsch.at","isPartOf":{"@id":"http:\/\/taborsky-nitsch.at\/#website"},"datePublished":"2015-07-28T10:32:05+00:00","dateModified":"2015-07-28T10:32:05+00:00","breadcrumb":{"@id":"http:\/\/taborsky-nitsch.at\/?page_id=13#breadcrumb"},"inLanguage":"de","potentialAction":[{"@type":"ReadAction","target":["http:\/\/taborsky-nitsch.at\/?page_id=13"]}]},{"@type":"BreadcrumbList","@id":"http:\/\/taborsky-nitsch.at\/?page_id=13#breadcrumb","itemListElement":[{"@type":"ListItem","position":1,"name":"Home","item":"http:\/\/taborsky-nitsch.at\/"},{"@type":"ListItem","position":2,"name":"Service"}]},{"@type":"WebSite","@id":"http:\/\/taborsky-nitsch.at\/#website","url":"http:\/\/taborsky-nitsch.at\/","name":"www.taborsky-nitsch.at","description":"","publisher":{"@id":"http:\/\/taborsky-nitsch.at\/#organization"},"potentialAction":[{"@type":"SearchAction","target":{"@type":"EntryPoint","urlTemplate":"http:\/\/taborsky-nitsch.at\/?s={search_term_string}"},"query-input":"required name=search_term_string"}],"inLanguage":"de"},{"@type":"Organization","@id":"http:\/\/taborsky-nitsch.at\/#organization","name":"Yvonne Taborsky-Nitsch","url":"http:\/\/taborsky-nitsch.at\/","logo":{"@type":"ImageObject","inLanguage":"de","@id":"http:\/\/taborsky-nitsch.at\/#\/schema\/logo\/image\/","url":"http:\/\/taborsky-nitsch.at\/wp-content\/uploads\/2015\/09\/home.png","contentUrl":"http:\/\/taborsky-nitsch.at\/wp-content\/uploads\/2015\/09\/home.png","width":150,"height":220,"caption":"Yvonne Taborsky-Nitsch"},"image":{"@id":"http:\/\/taborsky-nitsch.at\/#\/schema\/logo\/image\/"}}]}},"_links":{"self":[{"href":"http:\/\/taborsky-nitsch.at\/index.php?rest_route=\/wp\/v2\/pages\/13"}],"collection":[{"href":"http:\/\/taborsky-nitsch.at\/index.php?rest_route=\/wp\/v2\/pages"}],"about":[{"href":"http:\/\/taborsky-nitsch.at\/index.php?rest_route=\/wp\/v2\/types\/page"}],"author":[{"embeddable":true,"href":"http:\/\/taborsky-nitsch.at\/index.php?rest_route=\/wp\/v2\/users\/1"}],"replies":[{"embeddable":true,"href":"http:\/\/taborsky-nitsch.at\/index.php?rest_route=%2Fwp%2Fv2%2Fcomments&post=13"}],"version-history":[{"count":0,"href":"http:\/\/taborsky-nitsch.at\/index.php?rest_route=\/wp\/v2\/pages\/13\/revisions"}],"wp:attachment":[{"href":"http:\/\/taborsky-nitsch.at\/index.php?rest_route=%2Fwp%2Fv2%2Fmedia&parent=13"}],"curies":[{"name":"wp","href":"https:\/\/api.w.org\/{rel}","templated":true}]}}