{"id":11,"date":"2015-07-28T10:31:55","date_gmt":"2015-07-28T10:31:55","guid":{"rendered":"https:\/\/192.168.0.111\/tab\/?page_id=11"},"modified":"2018-04-16T10:25:57","modified_gmt":"2018-04-16T08:25:57","slug":"aktuell","status":"publish","type":"page","link":"http:\/\/taborsky-nitsch.at\/?page_id=11","title":{"rendered":"Aktuell"},"content":{"rendered":"<p><span style=\"text-decoration: underline;\">Abschaffung der &#8222;Topfsonderausgaben&#8220;<\/span><br \/>\n2016 wird die steuerliche Absetzbarkeit der &#8222;Topfsonderausgaben&#8220; abgeschafft.<br \/>\n&#8222;Topfsonderausgaben&#8220; sind Ausgaben f\u00fcr private Unfallversicherungen, Zusatzkrankenversicherungen, Pensionszusatzversicherungen sowie Ausgaben f\u00fcr Wohnraumschaffung und -Sanierung.<br \/>\n<span style=\"text-decoration: underline;\">Unber\u00fchrt<\/span> davon bleibt die freiwillige Weiterversicherung oder der Nachkauf von Versicherungszeiten in der <span style=\"text-decoration: underline;\">gesetzlichen<\/span> Pensionsversicherung bzw. den Unterst\u00fctzungseinrichtungen der Kammern der selbst\u00e4ndig Erwerbst\u00e4tigen.<br \/>\nEine \u00dcbergangsregelung gibt es f\u00fcr Sonderausgaben, welche bis zum 31.12.2015 abgeschlossen wurden. Diese sind im Rahmen der bisherigen Bestimmungen bis zur Veranlagung des Jahres 2020 steuerlich absetzbar.<br \/>\nAu\u00dferdem l\u00e4uft das Sonderausgabenpauschale mit der Veranlagung 2020 aus.<\/p>\n<table>\n<tbody>\n<tr>\n<td width=\"302\"><span style=\"text-decoration: underline;\"><strong>\u00a0<\/strong><\/span><\/td>\n<td width=\"142\"><strong>\u00a0<\/strong><\/td>\n<td width=\"132\"><\/td>\n<\/tr>\n<tr>\n<td width=\"302\"><strong><span style=\"text-decoration: underline;\">SOZIALVERSICHERUNG<\/span><\/strong><\/td>\n<td style=\"text-align: right;\" width=\"142\"><span style=\"text-decoration: underline;\"><strong>WERTE 2018 \/ \u20ac<\/strong><\/span><\/td>\n<td style=\"text-align: right;\" width=\"132\"><span style=\"text-decoration: underline;\">WERTE 2017 \/ \u20ac<\/span><\/td>\n<\/tr>\n<tr>\n<td width=\"302\">H\u00f6chstbeitragsgrundlage t\u00e4glich<\/td>\n<td style=\"text-align: right;\" width=\"142\"><strong>171,00<\/strong><\/td>\n<td style=\"text-align: right;\" width=\"132\">166,00<\/td>\n<\/tr>\n<tr>\n<td width=\"302\">H\u00f6chstbeitragsgrundlage monatlich<\/td>\n<td style=\"text-align: right;\" width=\"142\"><strong>5.130,00<\/strong><\/td>\n<td style=\"text-align: right;\" width=\"132\">4.980,00<\/td>\n<\/tr>\n<tr>\n<td width=\"302\">H\u00f6chstbeitragsgrundlage j\u00e4hrlich f\u00fcr Sonderzahlungen (echte u. freie DN)<\/td>\n<td style=\"text-align: right;\" width=\"142\"><strong>10.260,00<\/strong><\/td>\n<td style=\"text-align: right;\" width=\"132\">9.960,00<\/td>\n<\/tr>\n<tr>\n<td width=\"302\">H\u00f6chstbeitragsgrundlage monatlich f. freie Dienstnehmer und Sonderzahlung<\/td>\n<td style=\"text-align: right;\" width=\"142\"><strong>5.985,00<\/strong><\/td>\n<td style=\"text-align: right;\" width=\"132\">5.810,00<\/td>\n<\/tr>\n<tr>\n<td width=\"302\">Aufl\u00f6sungsabgabe<\/td>\n<td style=\"text-align: right;\" width=\"142\"><strong>128,00<\/strong><\/td>\n<td style=\"text-align: right;\" width=\"132\">124,00<\/td>\n<\/tr>\n<tr>\n<td width=\"302\">Geringf\u00fcgigkeitsgrenze t\u00e4glich<\/td>\n<td style=\"text-align: right;\" width=\"142\"><strong>\/\u00a0\u00a0\u00a0\u00a0 <\/strong><\/td>\n<td style=\"text-align: right;\" width=\"132\">ab 1.1.2017 entfallen<\/td>\n<\/tr>\n<tr>\n<td width=\"302\">Geringf\u00fcgigkeitsgrenze monatlich<\/td>\n<td style=\"text-align: right;\" width=\"142\"><strong>438,05<\/strong><\/td>\n<td style=\"text-align: right;\" width=\"132\">425,70<\/td>\n<\/tr>\n<tr>\n<td width=\"302\">Grenzwert f\u00fcr Pauschbetrag (Dienstgeberabgabe \u2013 DAG)<\/td>\n<td style=\"text-align: right;\" width=\"142\"><strong>657,08<\/strong><\/td>\n<td style=\"text-align: right;\" width=\"132\">638,55<\/td>\n<\/tr>\n<\/tbody>\n<\/table>\n","protected":false},"excerpt":{"rendered":"<p>Abschaffung der &#8222;Topfsonderausgaben&#8220; 2016 wird die steuerliche Absetzbarkeit der &#8222;Topfsonderausgaben&#8220; abgeschafft. &#8222;Topfsonderausgaben&#8220; sind Ausgaben f\u00fcr private Unfallversicherungen, Zusatzkrankenversicherungen, Pensionszusatzversicherungen sowie Ausgaben f\u00fcr Wohnraumschaffung und -Sanierung. Unber\u00fchrt davon bleibt die freiwillige Weiterversicherung oder der Nachkauf von Versicherungszeiten in der gesetzlichen Pensionsversicherung bzw. den Unterst\u00fctzungseinrichtungen der Kammern der selbst\u00e4ndig Erwerbst\u00e4tigen. Eine \u00dcbergangsregelung gibt es f\u00fcr Sonderausgaben, welche <a class=\"more-link\" href=\"http:\/\/taborsky-nitsch.at\/?page_id=11\">Weiterlesen&#8230;<\/a><\/p>\n","protected":false},"author":1,"featured_media":0,"parent":0,"menu_order":0,"comment_status":"closed","ping_status":"closed","template":"","meta":[],"yoast_head":"<!-- This site is optimized with the Yoast SEO plugin v19.13 - https:\/\/yoast.com\/wordpress\/plugins\/seo\/ -->\n<title>Aktuell - www.taborsky-nitsch.at<\/title>\n<meta name=\"robots\" content=\"index, follow, max-snippet:-1, max-image-preview:large, max-video-preview:-1\" \/>\n<link rel=\"canonical\" href=\"http:\/\/taborsky-nitsch.at\/?page_id=11\" \/>\n<meta property=\"og:locale\" content=\"de_DE\" \/>\n<meta property=\"og:type\" content=\"article\" \/>\n<meta property=\"og:title\" content=\"Aktuell - www.taborsky-nitsch.at\" \/>\n<meta property=\"og:description\" content=\"Abschaffung der &#8222;Topfsonderausgaben&#8220; 2016 wird die steuerliche Absetzbarkeit der &#8222;Topfsonderausgaben&#8220; abgeschafft. &#8222;Topfsonderausgaben&#8220; sind Ausgaben f\u00fcr private Unfallversicherungen, Zusatzkrankenversicherungen, Pensionszusatzversicherungen sowie Ausgaben f\u00fcr Wohnraumschaffung und -Sanierung. Unber\u00fchrt davon bleibt die freiwillige Weiterversicherung oder der Nachkauf von Versicherungszeiten in der gesetzlichen Pensionsversicherung bzw. den Unterst\u00fctzungseinrichtungen der Kammern der selbst\u00e4ndig Erwerbst\u00e4tigen. Eine \u00dcbergangsregelung gibt es f\u00fcr Sonderausgaben, welche Weiterlesen...\" \/>\n<meta property=\"og:url\" content=\"http:\/\/taborsky-nitsch.at\/?page_id=11\" \/>\n<meta property=\"og:site_name\" content=\"www.taborsky-nitsch.at\" \/>\n<meta property=\"article:modified_time\" content=\"2018-04-16T08:25:57+00:00\" \/>\n<meta name=\"twitter:card\" content=\"summary_large_image\" \/>\n<meta name=\"twitter:label1\" content=\"Gesch\u00e4tzte Lesezeit\" \/>\n\t<meta name=\"twitter:data1\" content=\"1\u00a0Minute\" \/>\n<script type=\"application\/ld+json\" class=\"yoast-schema-graph\">{\"@context\":\"https:\/\/schema.org\",\"@graph\":[{\"@type\":\"WebPage\",\"@id\":\"http:\/\/taborsky-nitsch.at\/?page_id=11\",\"url\":\"http:\/\/taborsky-nitsch.at\/?page_id=11\",\"name\":\"Aktuell - www.taborsky-nitsch.at\",\"isPartOf\":{\"@id\":\"http:\/\/taborsky-nitsch.at\/#website\"},\"datePublished\":\"2015-07-28T10:31:55+00:00\",\"dateModified\":\"2018-04-16T08:25:57+00:00\",\"breadcrumb\":{\"@id\":\"http:\/\/taborsky-nitsch.at\/?page_id=11#breadcrumb\"},\"inLanguage\":\"de\",\"potentialAction\":[{\"@type\":\"ReadAction\",\"target\":[\"http:\/\/taborsky-nitsch.at\/?page_id=11\"]}]},{\"@type\":\"BreadcrumbList\",\"@id\":\"http:\/\/taborsky-nitsch.at\/?page_id=11#breadcrumb\",\"itemListElement\":[{\"@type\":\"ListItem\",\"position\":1,\"name\":\"Home\",\"item\":\"http:\/\/taborsky-nitsch.at\/\"},{\"@type\":\"ListItem\",\"position\":2,\"name\":\"Aktuell\"}]},{\"@type\":\"WebSite\",\"@id\":\"http:\/\/taborsky-nitsch.at\/#website\",\"url\":\"http:\/\/taborsky-nitsch.at\/\",\"name\":\"www.taborsky-nitsch.at\",\"description\":\"\",\"publisher\":{\"@id\":\"http:\/\/taborsky-nitsch.at\/#organization\"},\"potentialAction\":[{\"@type\":\"SearchAction\",\"target\":{\"@type\":\"EntryPoint\",\"urlTemplate\":\"http:\/\/taborsky-nitsch.at\/?s={search_term_string}\"},\"query-input\":\"required name=search_term_string\"}],\"inLanguage\":\"de\"},{\"@type\":\"Organization\",\"@id\":\"http:\/\/taborsky-nitsch.at\/#organization\",\"name\":\"Yvonne Taborsky-Nitsch\",\"url\":\"http:\/\/taborsky-nitsch.at\/\",\"logo\":{\"@type\":\"ImageObject\",\"inLanguage\":\"de\",\"@id\":\"http:\/\/taborsky-nitsch.at\/#\/schema\/logo\/image\/\",\"url\":\"http:\/\/taborsky-nitsch.at\/wp-content\/uploads\/2015\/09\/home.png\",\"contentUrl\":\"http:\/\/taborsky-nitsch.at\/wp-content\/uploads\/2015\/09\/home.png\",\"width\":150,\"height\":220,\"caption\":\"Yvonne Taborsky-Nitsch\"},\"image\":{\"@id\":\"http:\/\/taborsky-nitsch.at\/#\/schema\/logo\/image\/\"}}]}<\/script>\n<!-- \/ Yoast SEO plugin. -->","yoast_head_json":{"title":"Aktuell - www.taborsky-nitsch.at","robots":{"index":"index","follow":"follow","max-snippet":"max-snippet:-1","max-image-preview":"max-image-preview:large","max-video-preview":"max-video-preview:-1"},"canonical":"http:\/\/taborsky-nitsch.at\/?page_id=11","og_locale":"de_DE","og_type":"article","og_title":"Aktuell - www.taborsky-nitsch.at","og_description":"Abschaffung der &#8222;Topfsonderausgaben&#8220; 2016 wird die steuerliche Absetzbarkeit der &#8222;Topfsonderausgaben&#8220; abgeschafft. &#8222;Topfsonderausgaben&#8220; sind Ausgaben f\u00fcr private Unfallversicherungen, Zusatzkrankenversicherungen, Pensionszusatzversicherungen sowie Ausgaben f\u00fcr Wohnraumschaffung und -Sanierung. Unber\u00fchrt davon bleibt die freiwillige Weiterversicherung oder der Nachkauf von Versicherungszeiten in der gesetzlichen Pensionsversicherung bzw. den Unterst\u00fctzungseinrichtungen der Kammern der selbst\u00e4ndig Erwerbst\u00e4tigen. Eine \u00dcbergangsregelung gibt es f\u00fcr Sonderausgaben, welche Weiterlesen...","og_url":"http:\/\/taborsky-nitsch.at\/?page_id=11","og_site_name":"www.taborsky-nitsch.at","article_modified_time":"2018-04-16T08:25:57+00:00","twitter_card":"summary_large_image","twitter_misc":{"Gesch\u00e4tzte Lesezeit":"1\u00a0Minute"},"schema":{"@context":"https:\/\/schema.org","@graph":[{"@type":"WebPage","@id":"http:\/\/taborsky-nitsch.at\/?page_id=11","url":"http:\/\/taborsky-nitsch.at\/?page_id=11","name":"Aktuell - www.taborsky-nitsch.at","isPartOf":{"@id":"http:\/\/taborsky-nitsch.at\/#website"},"datePublished":"2015-07-28T10:31:55+00:00","dateModified":"2018-04-16T08:25:57+00:00","breadcrumb":{"@id":"http:\/\/taborsky-nitsch.at\/?page_id=11#breadcrumb"},"inLanguage":"de","potentialAction":[{"@type":"ReadAction","target":["http:\/\/taborsky-nitsch.at\/?page_id=11"]}]},{"@type":"BreadcrumbList","@id":"http:\/\/taborsky-nitsch.at\/?page_id=11#breadcrumb","itemListElement":[{"@type":"ListItem","position":1,"name":"Home","item":"http:\/\/taborsky-nitsch.at\/"},{"@type":"ListItem","position":2,"name":"Aktuell"}]},{"@type":"WebSite","@id":"http:\/\/taborsky-nitsch.at\/#website","url":"http:\/\/taborsky-nitsch.at\/","name":"www.taborsky-nitsch.at","description":"","publisher":{"@id":"http:\/\/taborsky-nitsch.at\/#organization"},"potentialAction":[{"@type":"SearchAction","target":{"@type":"EntryPoint","urlTemplate":"http:\/\/taborsky-nitsch.at\/?s={search_term_string}"},"query-input":"required name=search_term_string"}],"inLanguage":"de"},{"@type":"Organization","@id":"http:\/\/taborsky-nitsch.at\/#organization","name":"Yvonne Taborsky-Nitsch","url":"http:\/\/taborsky-nitsch.at\/","logo":{"@type":"ImageObject","inLanguage":"de","@id":"http:\/\/taborsky-nitsch.at\/#\/schema\/logo\/image\/","url":"http:\/\/taborsky-nitsch.at\/wp-content\/uploads\/2015\/09\/home.png","contentUrl":"http:\/\/taborsky-nitsch.at\/wp-content\/uploads\/2015\/09\/home.png","width":150,"height":220,"caption":"Yvonne Taborsky-Nitsch"},"image":{"@id":"http:\/\/taborsky-nitsch.at\/#\/schema\/logo\/image\/"}}]}},"_links":{"self":[{"href":"http:\/\/taborsky-nitsch.at\/index.php?rest_route=\/wp\/v2\/pages\/11"}],"collection":[{"href":"http:\/\/taborsky-nitsch.at\/index.php?rest_route=\/wp\/v2\/pages"}],"about":[{"href":"http:\/\/taborsky-nitsch.at\/index.php?rest_route=\/wp\/v2\/types\/page"}],"author":[{"embeddable":true,"href":"http:\/\/taborsky-nitsch.at\/index.php?rest_route=\/wp\/v2\/users\/1"}],"replies":[{"embeddable":true,"href":"http:\/\/taborsky-nitsch.at\/index.php?rest_route=%2Fwp%2Fv2%2Fcomments&post=11"}],"version-history":[{"count":9,"href":"http:\/\/taborsky-nitsch.at\/index.php?rest_route=\/wp\/v2\/pages\/11\/revisions"}],"predecessor-version":[{"id":329,"href":"http:\/\/taborsky-nitsch.at\/index.php?rest_route=\/wp\/v2\/pages\/11\/revisions\/329"}],"wp:attachment":[{"href":"http:\/\/taborsky-nitsch.at\/index.php?rest_route=%2Fwp%2Fv2%2Fmedia&parent=11"}],"curies":[{"name":"wp","href":"https:\/\/api.w.org\/{rel}","templated":true}]}}