{"id":108,"date":"2015-08-09T14:28:11","date_gmt":"2015-08-09T14:28:11","guid":{"rendered":"http:\/\/atem.serverma.de\/tab\/?page_id=108"},"modified":"2015-11-13T18:26:40","modified_gmt":"2015-11-13T17:26:40","slug":"impressum","status":"publish","type":"page","link":"http:\/\/taborsky-nitsch.at\/?page_id=108","title":{"rendered":"Impressum"},"content":{"rendered":"<p>Kammerzugeh\u00f6rigkeit: Kammer der Wirtschaftstreuh\u00e4nder<\/p>\n<table>\n<tbody>\n<tr>\n<td width=\"80px\">Tel:<br \/>\nFax:<br \/>\nE-Mail:<\/td>\n<td>01 706 46 90-0<br \/>\n01 706 46 90-22<br \/>\n<a href=\"mailto:office@taborsky-nitsch.at\">office@taborsky-nitsch.at<\/a><\/td>\n<\/tr>\n<\/tbody>\n<\/table>\n<table>\n<tbody>\n<tr>\n<td width=\"45%\">Yvonne Taborsky-Nitsch<\/td>\n<td width=\"10%\"><\/td>\n<td width=\"45%\">Computer Lohnverrechnungs- und Buchf\u00fchrungsges.m.b.H.<\/td>\n<\/tr>\n<tr>\n<td>Gesch\u00e4ftsf\u00fchrung:<br \/>\nYvonne Taborsky-Nitsch<\/td>\n<td><\/td>\n<td>Gesch\u00e4ftsf\u00fchrung:<br \/>\nYvonne Taborsky-Nitsch<\/td>\n<\/tr>\n<tr>\n<td><\/td>\n<td><\/td>\n<td>Firmenbuchnummer:<br \/>\nFN 127099k, Firmenbuchgericht Korneuburg<\/td>\n<\/tr>\n<tr>\n<td>IBAN: AT16 4300 0303 9526 0000<br \/>\nBIC: VBOEATWW<\/td>\n<td><\/td>\n<td>IBAN: AT97 4300 0303 9492 0109<br \/>\nBIC: VBOEATWW<\/td>\n<\/tr>\n<tr>\n<td>UID-Nummer: ATU 13364401<\/td>\n<td><\/td>\n<td>UID-Nummer: ATU 16059002<\/td>\n<\/tr>\n<tr>\n<td>Kammermitgliedsnummer: 215243<\/td>\n<td><\/td>\n<td>Kammermitgliedsnummer: 801137<\/td>\n<\/tr>\n<\/tbody>\n<\/table>\n","protected":false},"excerpt":{"rendered":"<p>Kammerzugeh\u00f6rigkeit: Kammer der Wirtschaftstreuh\u00e4nder Tel: Fax: E-Mail: 01 706 46 90-0 01 706 46 90-22 office@taborsky-nitsch.at Yvonne Taborsky-Nitsch Computer Lohnverrechnungs- und Buchf\u00fchrungsges.m.b.H. Gesch\u00e4ftsf\u00fchrung: Yvonne Taborsky-Nitsch Gesch\u00e4ftsf\u00fchrung: Yvonne Taborsky-Nitsch Firmenbuchnummer: FN 127099k, Firmenbuchgericht Korneuburg IBAN: AT16 4300 0303 9526 0000 BIC: VBOEATWW IBAN: AT97 4300 0303 9492 0109 BIC: VBOEATWW UID-Nummer: ATU 13364401 UID-Nummer: ATU 16059002 <a class=\"more-link\" href=\"http:\/\/taborsky-nitsch.at\/?page_id=108\">Weiterlesen&#8230;<\/a><\/p>\n","protected":false},"author":1,"featured_media":0,"parent":0,"menu_order":0,"comment_status":"closed","ping_status":"open","template":"","meta":[],"yoast_head":"<!-- This site is optimized with the Yoast SEO plugin v19.13 - https:\/\/yoast.com\/wordpress\/plugins\/seo\/ -->\n<title>Impressum - www.taborsky-nitsch.at<\/title>\n<meta name=\"robots\" content=\"index, follow, max-snippet:-1, max-image-preview:large, max-video-preview:-1\" \/>\n<link rel=\"canonical\" href=\"http:\/\/taborsky-nitsch.at\/?page_id=108\" \/>\n<meta property=\"og:locale\" content=\"de_DE\" \/>\n<meta property=\"og:type\" content=\"article\" \/>\n<meta property=\"og:title\" content=\"Impressum - www.taborsky-nitsch.at\" \/>\n<meta property=\"og:description\" content=\"Kammerzugeh\u00f6rigkeit: Kammer der Wirtschaftstreuh\u00e4nder Tel: Fax: E-Mail: 01 706 46 90-0 01 706 46 90-22 office@taborsky-nitsch.at Yvonne Taborsky-Nitsch Computer Lohnverrechnungs- und Buchf\u00fchrungsges.m.b.H. Gesch\u00e4ftsf\u00fchrung: Yvonne Taborsky-Nitsch Gesch\u00e4ftsf\u00fchrung: Yvonne Taborsky-Nitsch Firmenbuchnummer: FN 127099k, Firmenbuchgericht Korneuburg IBAN: AT16 4300 0303 9526 0000 BIC: VBOEATWW IBAN: AT97 4300 0303 9492 0109 BIC: VBOEATWW UID-Nummer: ATU 13364401 UID-Nummer: ATU 16059002 Weiterlesen...\" \/>\n<meta property=\"og:url\" content=\"http:\/\/taborsky-nitsch.at\/?page_id=108\" \/>\n<meta property=\"og:site_name\" content=\"www.taborsky-nitsch.at\" \/>\n<meta property=\"article:modified_time\" content=\"2015-11-13T17:26:40+00:00\" \/>\n<meta name=\"twitter:card\" content=\"summary_large_image\" \/>\n<script type=\"application\/ld+json\" class=\"yoast-schema-graph\">{\"@context\":\"https:\/\/schema.org\",\"@graph\":[{\"@type\":\"WebPage\",\"@id\":\"http:\/\/taborsky-nitsch.at\/?page_id=108\",\"url\":\"http:\/\/taborsky-nitsch.at\/?page_id=108\",\"name\":\"Impressum - www.taborsky-nitsch.at\",\"isPartOf\":{\"@id\":\"http:\/\/taborsky-nitsch.at\/#website\"},\"datePublished\":\"2015-08-09T14:28:11+00:00\",\"dateModified\":\"2015-11-13T17:26:40+00:00\",\"breadcrumb\":{\"@id\":\"http:\/\/taborsky-nitsch.at\/?page_id=108#breadcrumb\"},\"inLanguage\":\"de\",\"potentialAction\":[{\"@type\":\"ReadAction\",\"target\":[\"http:\/\/taborsky-nitsch.at\/?page_id=108\"]}]},{\"@type\":\"BreadcrumbList\",\"@id\":\"http:\/\/taborsky-nitsch.at\/?page_id=108#breadcrumb\",\"itemListElement\":[{\"@type\":\"ListItem\",\"position\":1,\"name\":\"Home\",\"item\":\"http:\/\/taborsky-nitsch.at\/\"},{\"@type\":\"ListItem\",\"position\":2,\"name\":\"Impressum\"}]},{\"@type\":\"WebSite\",\"@id\":\"http:\/\/taborsky-nitsch.at\/#website\",\"url\":\"http:\/\/taborsky-nitsch.at\/\",\"name\":\"www.taborsky-nitsch.at\",\"description\":\"\",\"publisher\":{\"@id\":\"http:\/\/taborsky-nitsch.at\/#organization\"},\"potentialAction\":[{\"@type\":\"SearchAction\",\"target\":{\"@type\":\"EntryPoint\",\"urlTemplate\":\"http:\/\/taborsky-nitsch.at\/?s={search_term_string}\"},\"query-input\":\"required name=search_term_string\"}],\"inLanguage\":\"de\"},{\"@type\":\"Organization\",\"@id\":\"http:\/\/taborsky-nitsch.at\/#organization\",\"name\":\"Yvonne Taborsky-Nitsch\",\"url\":\"http:\/\/taborsky-nitsch.at\/\",\"logo\":{\"@type\":\"ImageObject\",\"inLanguage\":\"de\",\"@id\":\"http:\/\/taborsky-nitsch.at\/#\/schema\/logo\/image\/\",\"url\":\"http:\/\/taborsky-nitsch.at\/wp-content\/uploads\/2015\/09\/home.png\",\"contentUrl\":\"http:\/\/taborsky-nitsch.at\/wp-content\/uploads\/2015\/09\/home.png\",\"width\":150,\"height\":220,\"caption\":\"Yvonne Taborsky-Nitsch\"},\"image\":{\"@id\":\"http:\/\/taborsky-nitsch.at\/#\/schema\/logo\/image\/\"}}]}<\/script>\n<!-- \/ Yoast SEO plugin. -->","yoast_head_json":{"title":"Impressum - www.taborsky-nitsch.at","robots":{"index":"index","follow":"follow","max-snippet":"max-snippet:-1","max-image-preview":"max-image-preview:large","max-video-preview":"max-video-preview:-1"},"canonical":"http:\/\/taborsky-nitsch.at\/?page_id=108","og_locale":"de_DE","og_type":"article","og_title":"Impressum - www.taborsky-nitsch.at","og_description":"Kammerzugeh\u00f6rigkeit: Kammer der Wirtschaftstreuh\u00e4nder Tel: Fax: E-Mail: 01 706 46 90-0 01 706 46 90-22 office@taborsky-nitsch.at Yvonne Taborsky-Nitsch Computer Lohnverrechnungs- und Buchf\u00fchrungsges.m.b.H. Gesch\u00e4ftsf\u00fchrung: Yvonne Taborsky-Nitsch Gesch\u00e4ftsf\u00fchrung: Yvonne Taborsky-Nitsch Firmenbuchnummer: FN 127099k, Firmenbuchgericht Korneuburg IBAN: AT16 4300 0303 9526 0000 BIC: VBOEATWW IBAN: AT97 4300 0303 9492 0109 BIC: VBOEATWW UID-Nummer: ATU 13364401 UID-Nummer: ATU 16059002 Weiterlesen...","og_url":"http:\/\/taborsky-nitsch.at\/?page_id=108","og_site_name":"www.taborsky-nitsch.at","article_modified_time":"2015-11-13T17:26:40+00:00","twitter_card":"summary_large_image","schema":{"@context":"https:\/\/schema.org","@graph":[{"@type":"WebPage","@id":"http:\/\/taborsky-nitsch.at\/?page_id=108","url":"http:\/\/taborsky-nitsch.at\/?page_id=108","name":"Impressum - www.taborsky-nitsch.at","isPartOf":{"@id":"http:\/\/taborsky-nitsch.at\/#website"},"datePublished":"2015-08-09T14:28:11+00:00","dateModified":"2015-11-13T17:26:40+00:00","breadcrumb":{"@id":"http:\/\/taborsky-nitsch.at\/?page_id=108#breadcrumb"},"inLanguage":"de","potentialAction":[{"@type":"ReadAction","target":["http:\/\/taborsky-nitsch.at\/?page_id=108"]}]},{"@type":"BreadcrumbList","@id":"http:\/\/taborsky-nitsch.at\/?page_id=108#breadcrumb","itemListElement":[{"@type":"ListItem","position":1,"name":"Home","item":"http:\/\/taborsky-nitsch.at\/"},{"@type":"ListItem","position":2,"name":"Impressum"}]},{"@type":"WebSite","@id":"http:\/\/taborsky-nitsch.at\/#website","url":"http:\/\/taborsky-nitsch.at\/","name":"www.taborsky-nitsch.at","description":"","publisher":{"@id":"http:\/\/taborsky-nitsch.at\/#organization"},"potentialAction":[{"@type":"SearchAction","target":{"@type":"EntryPoint","urlTemplate":"http:\/\/taborsky-nitsch.at\/?s={search_term_string}"},"query-input":"required name=search_term_string"}],"inLanguage":"de"},{"@type":"Organization","@id":"http:\/\/taborsky-nitsch.at\/#organization","name":"Yvonne Taborsky-Nitsch","url":"http:\/\/taborsky-nitsch.at\/","logo":{"@type":"ImageObject","inLanguage":"de","@id":"http:\/\/taborsky-nitsch.at\/#\/schema\/logo\/image\/","url":"http:\/\/taborsky-nitsch.at\/wp-content\/uploads\/2015\/09\/home.png","contentUrl":"http:\/\/taborsky-nitsch.at\/wp-content\/uploads\/2015\/09\/home.png","width":150,"height":220,"caption":"Yvonne Taborsky-Nitsch"},"image":{"@id":"http:\/\/taborsky-nitsch.at\/#\/schema\/logo\/image\/"}}]}},"_links":{"self":[{"href":"http:\/\/taborsky-nitsch.at\/index.php?rest_route=\/wp\/v2\/pages\/108"}],"collection":[{"href":"http:\/\/taborsky-nitsch.at\/index.php?rest_route=\/wp\/v2\/pages"}],"about":[{"href":"http:\/\/taborsky-nitsch.at\/index.php?rest_route=\/wp\/v2\/types\/page"}],"author":[{"embeddable":true,"href":"http:\/\/taborsky-nitsch.at\/index.php?rest_route=\/wp\/v2\/users\/1"}],"replies":[{"embeddable":true,"href":"http:\/\/taborsky-nitsch.at\/index.php?rest_route=%2Fwp%2Fv2%2Fcomments&post=108"}],"version-history":[{"count":2,"href":"http:\/\/taborsky-nitsch.at\/index.php?rest_route=\/wp\/v2\/pages\/108\/revisions"}],"predecessor-version":[{"id":306,"href":"http:\/\/taborsky-nitsch.at\/index.php?rest_route=\/wp\/v2\/pages\/108\/revisions\/306"}],"wp:attachment":[{"href":"http:\/\/taborsky-nitsch.at\/index.php?rest_route=%2Fwp%2Fv2%2Fmedia&parent=108"}],"curies":[{"name":"wp","href":"https:\/\/api.w.org\/{rel}","templated":true}]}}